{"id":627,"date":"2018-04-17T07:31:15","date_gmt":"2018-04-17T07:31:15","guid":{"rendered":"http:\/\/demo.themeton.com\/finag\/?page_id=627"},"modified":"2020-08-06T00:49:02","modified_gmt":"2020-08-06T00:49:02","slug":"nosotros","status":"publish","type":"page","link":"https:\/\/www.mbanuncios.com\/sitio\/nosotros\/","title":{"rendered":"Nosotros"},"content":{"rendered":"<p>[vc_section full_width=\u00bbstretch_row\u00bb content_placement=\u00bbmiddle\u00bb parallax=\u00bbcontent-moving\u00bb parallax_speed_bg=\u00bb1.3&#8243; css=\u00bb.vc_custom_1524468426906{background-image: url(http:\/\/www.mbanuncios.com\/sitio\/wp-content\/uploads\/2018\/04\/Group-6.jpg?id=630) !important;background-position: center !important;background-repeat: no-repeat !important;background-size: cover !important;}\u00bb el_class=\u00bbpt13 pt2@s pb13 pb2@s\u00bb][vc_row el_class=\u00bbmt10&#8243;][vc_column width=\u00bb1\/12&#8243;][\/vc_column][vc_column width=\u00bb10\/12&#8243;][vc_row_inner el_class=\u00bbpt6 pt1@s pr8 pr@1 pl8 pl8@r\u00bb][vc_column_inner][vc_custom_heading text=\u00bbNOSOTROS\u00bb font_container=\u00bbtag:h2|font_size:36px|text_align:center|color:%23ffffff|line_height:42px\u00bb google_fonts=\u00bbfont_family:Raleway%3A100%2C200%2C300%2Cregular%2C500%2C600%2C700%2C800%2C900|font_style:400%20regular%3A400%3Anormal\u00bb css=\u00bb.vc_custom_1562344391460{margin-bottom: 10px !important;}\u00bb][vc_custom_heading text=\u00bbMB ANUNCIOS\u00bb font_container=\u00bbtag:h3|font_size:20px|text_align:center|color:%23ffffff|line_height:22px\u00bb google_fonts=\u00bbfont_family:Raleway%3A100%2C200%2C300%2Cregular%2C500%2C600%2C700%2C800%2C900|font_style:400%20regular%3A400%3Anormal\u00bb css=\u00bb.vc_custom_1562344404720{margin-top: 0px !important;margin-bottom: 40px !important;}\u00bb][vc_custom_heading text=\u00bbSOMOS UNA EMPRESA QUE SE ESPECIALIZA EN LA FABRICACION, INSTALACION Y MANTENIMIENTO DE ANUNCIOS LUMINOSOS, UNIPOLARES, BIPOLARES, MARQUESINAS, ANUNCIOS ESPECIALES, ETC.\u00bb font_container=\u00bbtag:p|font_size:16px|text_align:center|color:rgba(255%2C255%2C255%2C0.85)|line_height:28px\u00bb use_theme_fonts=\u00bbyes\u00bb][vc_empty_space height=\u00bb40px\u00bb][vc_custom_heading text=\u00bbTELS. 8714556652 &#8211; 8714555736&#8243; font_container=\u00bbtag:p|font_size:16px|text_align:center|color:rgba(255%2C255%2C255%2C0.85)|line_height:28px\u00bb use_theme_fonts=\u00bbyes\u00bb][vc_custom_heading text=\u00bbEmail: mbanuncios@mbanuncios.com\u00bb font_container=\u00bbtag:p|font_size:16px|text_align:center|color:rgba(255%2C255%2C255%2C0.85)|line_height:28px\u00bb use_theme_fonts=\u00bbyes\u00bb][vc_custom_heading text=\u00bbVISITANOS EN FACEBOOK\u00bb font_container=\u00bbtag:p|font_size:16px|text_align:center|color:rgba(255%2C255%2C255%2C0.85)|line_height:28px\u00bb use_theme_fonts=\u00bbyes\u00bb link=\u00bb||target:%20_blank|\u00bb][vc_single_image image=\u00bb1050&#8243; alignment=\u00bbcenter\u00bb onclick=\u00bbcustom_link\u00bb img_link_target=\u00bb_blank\u00bb link=\u00bbhttps:\/\/www.facebook.com\/MBANUNCIOS1&#8243;][\/vc_column_inner][\/vc_row_inner][vc_row_inner css=\u00bb.vc_custom_1517475526373{margin-top: 50px !important;}\u00bb el_class=\u00bbpb8 pb1@s\u00bb][vc_column_inner width=\u00bb1\/3&#8243;][vc_single_image image=\u00bb635&#8243; img_size=\u00bbfull\u00bb alignment=\u00bbcenter\u00bb css=\u00bb.vc_custom_1523951325130{margin-bottom: 20px !important;}\u00bb][vc_column_text]<\/p>\n<div class=\"uk-flex uk-flex-right pr10 mmt7\">\n<div class=\"counter uk-overlay-primary uk-flex uk-flex-center uk-flex-middle text-white\">24<\/div>\n<\/div>\n<p>[\/vc_column_text][vc_custom_heading text=\u00bbServicios\u00bb font_container=\u00bbtag:p|font_size:22px|text_align:center|color:%23ffffff|line_height:1em\u00bb google_fonts=\u00bbfont_family:Raleway%3A100%2C200%2C300%2Cregular%2C500%2C600%2C700%2C800%2C900|font_style:500%20bold%20regular%3A500%3Anormal\u00bb css=\u00bb.vc_custom_1562344440135{margin-top: 0px !important;margin-bottom: 0px !important;}\u00bb][\/vc_column_inner][vc_column_inner width=\u00bb1\/3&#8243;][vc_single_image image=\u00bb636&#8243; img_size=\u00bbfull\u00bb alignment=\u00bbcenter\u00bb css=\u00bb.vc_custom_1523951352939{margin-bottom: 20px !important;}\u00bb][vc_column_text]<\/p>\n<div class=\"uk-flex uk-flex-right pr10 mmt7\">\n<div class=\"counter uk-overlay-primary uk-flex uk-flex-center uk-flex-middle text-white\">+50<\/div>\n<\/div>\n<p>[\/vc_column_text][vc_custom_heading text=\u00bbClientes\u00bb font_container=\u00bbtag:p|font_size:22px|text_align:center|color:%23ffffff|line_height:1em\u00bb google_fonts=\u00bbfont_family:Raleway%3A100%2C200%2C300%2Cregular%2C500%2C600%2C700%2C800%2C900|font_style:500%20bold%20regular%3A500%3Anormal\u00bb css=\u00bb.vc_custom_1562344455418{margin-top: 0px !important;margin-bottom: 0px !important;}\u00bb][\/vc_column_inner][vc_column_inner width=\u00bb1\/3&#8243;][vc_single_image image=\u00bb637&#8243; img_size=\u00bbfull\u00bb alignment=\u00bbcenter\u00bb css=\u00bb.vc_custom_1523951389569{margin-bottom: 20px !important;}\u00bb][vc_column_text]<\/p>\n<div class=\"uk-flex uk-flex-right pr10 mmt7\">\n<div class=\"counter uk-overlay-primary uk-flex uk-flex-center uk-flex-middle text-white\">36<\/div>\n<\/div>\n<p>[\/vc_column_text][vc_custom_heading text=\u00bbCiudades\u00bb font_container=\u00bbtag:p|font_size:22px|text_align:center|color:%23ffffff|line_height:1em\u00bb google_fonts=\u00bbfont_family:Raleway%3A100%2C200%2C300%2Cregular%2C500%2C600%2C700%2C800%2C900|font_style:500%20bold%20regular%3A500%3Anormal\u00bb css=\u00bb.vc_custom_1562344471972{margin-top: 0px !important;margin-bottom: 0px !important;}\u00bb][\/vc_column_inner][\/vc_row_inner][\/vc_column][vc_column width=\u00bb1\/12&#8243;][\/vc_column][\/vc_row][\/vc_section][vc_row full_width=\u00bbstretch_row\u00bb full_height=\u00bbyes\u00bb css=\u00bb.vc_custom_1562344497699{background: #f8f8f8 url(http:\/\/www.mbanuncios.com\/sitio\/wp-content\/uploads\/2019\/07\/bgachieve.png?id=797) !important;background-position: center !important;background-repeat: no-repeat !important;background-size: contain !important;}\u00bb][vc_column width=\u00bb3\/4&#8243; css=\u00bb.vc_custom_1523947393630{padding-top: 130px !important;}\u00bb][vc_custom_heading text=\u00bbNuestra empresa est\u00e1 comprometida a brindarles el mejor Servicio, Calidad y rapidez a todos nuestros clientes, brind\u00e1ndoles una gama de diversos productos adecuados a sus necesidades, desde la fabricaci\u00f3n, mantenimiento e instalaci\u00f3n de los mismos.\u00bb font_container=\u00bbtag:h1|font_size:26px|text_align:center|color:%23000000&#8243; google_fonts=\u00bbfont_family:Raleway%3A100%2C200%2C300%2Cregular%2C500%2C600%2C700%2C800%2C900|font_style:400%20regular%3A400%3Anormal\u00bb css=\u00bb.vc_custom_1596671262994{margin-top: 0px !important;margin-bottom: 80px !important;}\u00bb][vc_custom_heading text=\u00bbHemos prestado nuestros servicios en:\u00bb font_container=\u00bbtag:h1|font_size:26px|text_align:justify|color:%23000000&#8243; google_fonts=\u00bbfont_family:Raleway%3A100%2C200%2C300%2Cregular%2C500%2C600%2C700%2C800%2C900|font_style:400%20regular%3A400%3Anormal\u00bb css=\u00bb.vc_custom_1596671677017{margin-top: 0px !important;margin-bottom: 80px !important;}\u00bb][vc_custom_heading text=\u00bbGRUPO BATTA\u00bb font_container=\u00bbtag:h2|font_size:26px|text_align:center\u00bb google_fonts=\u00bbfont_family:Raleway%3A100%2C200%2C300%2Cregular%2C500%2C600%2C700%2C800%2C900|font_style:600%20bold%20regular%3A600%3Anormal\u00bb][vc_custom_heading text=\u00bbCOCA COLA\u00bb font_container=\u00bbtag:h2|font_size:26px|text_align:center\u00bb google_fonts=\u00bbfont_family:Raleway%3A100%2C200%2C300%2Cregular%2C500%2C600%2C700%2C800%2C900|font_style:600%20bold%20regular%3A600%3Anormal\u00bb][vc_custom_heading text=\u00bbGRUPO LALA\u00bb font_container=\u00bbtag:h2|font_size:26px|text_align:center\u00bb google_fonts=\u00bbfont_family:Raleway%3A100%2C200%2C300%2Cregular%2C500%2C600%2C700%2C800%2C900|font_style:600%20bold%20regular%3A600%3Anormal\u00bb][vc_custom_heading text=\u00bbGRUPO MODELO\u00bb font_container=\u00bbtag:h2|font_size:26px|text_align:center\u00bb google_fonts=\u00bbfont_family:Raleway%3A100%2C200%2C300%2Cregular%2C500%2C600%2C700%2C800%2C900|font_style:600%20bold%20regular%3A600%3Anormal\u00bb][vc_custom_heading text=\u00bbQUESIPIZZAS\u00bb font_container=\u00bbtag:h2|font_size:26px|text_align:center\u00bb google_fonts=\u00bbfont_family:Raleway%3A100%2C200%2C300%2Cregular%2C500%2C600%2C700%2C800%2C900|font_style:600%20bold%20regular%3A600%3Anormal\u00bb][vc_custom_heading text=\u00bbGRUPO MISOL\u00bb font_container=\u00bbtag:h2|font_size:26px|text_align:center\u00bb google_fonts=\u00bbfont_family:Raleway%3A100%2C200%2C300%2Cregular%2C500%2C600%2C700%2C800%2C900|font_style:600%20bold%20regular%3A600%3Anormal\u00bb][vc_custom_heading text=\u00bbLABORATORIOS CHOPO\u00bb font_container=\u00bbtag:h2|font_size:26px|text_align:center\u00bb google_fonts=\u00bbfont_family:Raleway%3A100%2C200%2C300%2Cregular%2C500%2C600%2C700%2C800%2C900|font_style:600%20bold%20regular%3A600%3Anormal\u00bb][vc_custom_heading text=\u00bbTIENDAS FULL\u00bb font_container=\u00bbtag:h2|font_size:26px|text_align:center\u00bb google_fonts=\u00bbfont_family:Raleway%3A100%2C200%2C300%2Cregular%2C500%2C600%2C700%2C800%2C900|font_style:600%20bold%20regular%3A600%3Anormal\u00bb][vc_custom_heading text=\u00bbENYOG\u00bb font_container=\u00bbtag:h2|font_size:26px|text_align:center\u00bb google_fonts=\u00bbfont_family:Raleway%3A100%2C200%2C300%2Cregular%2C500%2C600%2C700%2C800%2C900|font_style:600%20bold%20regular%3A600%3Anormal\u00bb][vc_custom_heading text=\u00bbGRUPO ALCO\u00bb font_container=\u00bbtag:h2|font_size:26px|text_align:center\u00bb google_fonts=\u00bbfont_family:Raleway%3A100%2C200%2C300%2Cregular%2C500%2C600%2C700%2C800%2C900|font_style:600%20bold%20regular%3A600%3Anormal\u00bb][vc_custom_heading text=\u00bbUTT TORRE\u00d3N\u00bb font_container=\u00bbtag:h2|font_size:26px|text_align:center\u00bb google_fonts=\u00bbfont_family:Raleway%3A100%2C200%2C300%2Cregular%2C500%2C600%2C700%2C800%2C900|font_style:600%20bold%20regular%3A600%3Anormal\u00bb][vc_custom_heading text=\u00bbSOL\u00cdSTICA\u00bb font_container=\u00bbtag:h2|font_size:26px|text_align:center\u00bb google_fonts=\u00bbfont_family:Raleway%3A100%2C200%2C300%2Cregular%2C500%2C600%2C700%2C800%2C900|font_style:600%20bold%20regular%3A600%3Anormal\u00bb][vc_custom_heading text=\u00bbETC.\u00bb font_container=\u00bbtag:h2|font_size:26px|text_align:center\u00bb google_fonts=\u00bbfont_family:Raleway%3A100%2C200%2C300%2Cregular%2C500%2C600%2C700%2C800%2C900|font_style:600%20bold%20regular%3A600%3Anormal\u00bb][vc_empty_space][vc_custom_heading text=\u00bbComprometi\u00e9ndonos con cada uno de ellos, brind\u00e1ndoles<br \/>\ncompleta satisfacci\u00f3n en cada uno uno de los productos<br \/>\nsolicitados, elaborados con la m\u00e1xima calidad.\u00bb font_container=\u00bbtag:h1|font_size:26px|text_align:justify|color:%23000000&#8243; google_fonts=\u00bbfont_family:Raleway%3A100%2C200%2C300%2Cregular%2C500%2C600%2C700%2C800%2C900|font_style:400%20regular%3A400%3Anormal\u00bb css=\u00bb.vc_custom_1564151780279{margin-top: 0px !important;margin-bottom: 80px !important;}\u00bb][\/vc_column][vc_column width=\u00bb1\/4&#8243;][vc_single_image image=\u00bb807&#8243; img_size=\u00bblarge\u00bb][\/vc_column][\/vc_row][vc_row full_width=\u00bbstretch_row\u00bb][vc_column][vc_custom_heading text=\u00bbNUESTRO TRABAJO NOS\u00bb font_container=\u00bbtag:p|font_size:27|text_align:center|color:%238020e6&#8243; google_fonts=\u00bbfont_family:Open%20Sans%3A300%2C300italic%2Cregular%2Citalic%2C600%2C600italic%2C700%2C700italic%2C800%2C800italic|font_style:700%20bold%20regular%3A700%3Anormal\u00bb css=\u00bb.vc_custom_1596672770642{margin-bottom: 0px !important;}\u00bb el_class=\u00bbpt9 pt5@s\u00bb][vc_custom_heading text=\u00bbRESPALDA\u00bb font_container=\u00bbtag:p|font_size:40|text_align:center|color:%238020e6&#8243; google_fonts=\u00bbfont_family:Open%20Sans%3A300%2C300italic%2Cregular%2Citalic%2C600%2C600italic%2C700%2C700italic%2C800%2C800italic|font_style:700%20bold%20regular%3A700%3Anormal\u00bb css=\u00bb.vc_custom_1596672882459{margin-top: -15px !important;margin-bottom: 0px !important;}\u00bb el_class=\u00bbpt9 pt5@s\u00bb][vc_empty_space height=\u00bb150px\u00bb][vc_custom_heading text=\u00bbCLIENTES\u00bb font_container=\u00bbtag:h1|font_size:36px|text_align:center|color:%23000000&#8243; google_fonts=\u00bbfont_family:Raleway%3A100%2C200%2C300%2Cregular%2C500%2C600%2C700%2C800%2C900|font_style:400%20regular%3A400%3Anormal\u00bb css=\u00bb.vc_custom_1562344535400{margin-top: 0px !important;margin-bottom: 0px !important;}\u00bb][vc_column_text]\t\t<style>\n\t\t\t#wpls-logo-showcase-slider-1 .wpls-fix-box,\n\t\t\t#wpls-logo-showcase-slider-1 .wpls-fix-box img.wp-post-image{max-height:250px; }\n\t\t<\/style>\n\t\t<div class=\"wpls-wrap wpls-logo-showcase-slider-wrp wpls-logo-clearfix wpls-design-1 \" data-conf=\"{&quot;slides_column&quot;:4,&quot;slides_scroll&quot;:1,&quot;dots&quot;:&quot;true&quot;,&quot;arrows&quot;:&quot;true&quot;,&quot;autoplay&quot;:&quot;true&quot;,&quot;autoplay_interval&quot;:3000,&quot;loop&quot;:&quot;true&quot;,&quot;rtl&quot;:&quot;false&quot;,&quot;speed&quot;:800,&quot;center_mode&quot;:&quot;false&quot;,&quot;lazyload&quot;:&quot;&quot;}\">\n\t\t\t<div class=\"wpls-logo-showcase logo_showcase wpls-logo-slider  sliderimage_hide_border \" id=\"wpls-logo-showcase-slider-1\" >\n\t\t\t\t<div class=\"wpls-logo-cnt\">\n\t<div class=\"wpls-fix-box\">\n\t\t\t\t<img class=\"wp-post-image\"  src=\"https:\/\/www.mbanuncios.com\/sitio\/wp-content\/uploads\/2019\/07\/bh.png\" alt=\"\" \/>\n\t\t\t<\/div>\n\t<\/div><div class=\"wpls-logo-cnt\">\n\t<div class=\"wpls-fix-box\">\n\t\t\t\t<img class=\"wp-post-image\"  src=\"https:\/\/www.mbanuncios.com\/sitio\/wp-content\/uploads\/2019\/07\/ishu-1.png\" alt=\"\" \/>\n\t\t\t<\/div>\n\t<\/div><div class=\"wpls-logo-cnt\">\n\t<div class=\"wpls-fix-box\">\n\t\t\t\t<img class=\"wp-post-image\"  src=\"https:\/\/www.mbanuncios.com\/sitio\/wp-content\/uploads\/2019\/07\/misol.png\" alt=\"\" \/>\n\t\t\t<\/div>\n\t<\/div><div class=\"wpls-logo-cnt\">\n\t<div class=\"wpls-fix-box\">\n\t\t\t\t<img class=\"wp-post-image\"  src=\"https:\/\/www.mbanuncios.com\/sitio\/wp-content\/uploads\/2019\/07\/mitsubishi.png\" alt=\"\" \/>\n\t\t\t<\/div>\n\t<\/div><div class=\"wpls-logo-cnt\">\n\t<div class=\"wpls-fix-box\">\n\t\t\t\t<img class=\"wp-post-image\"  src=\"https:\/\/www.mbanuncios.com\/sitio\/wp-content\/uploads\/2019\/07\/lala.png\" alt=\"\" \/>\n\t\t\t<\/div>\n\t<\/div><div class=\"wpls-logo-cnt\">\n\t<div class=\"wpls-fix-box\">\n\t\t\t\t<img class=\"wp-post-image\"  src=\"https:\/\/www.mbanuncios.com\/sitio\/wp-content\/uploads\/2019\/07\/bmovil.png\" alt=\"\" \/>\n\t\t\t<\/div>\n\t<\/div><div class=\"wpls-logo-cnt\">\n\t<div class=\"wpls-fix-box\">\n\t\t\t\t<img class=\"wp-post-image\"  src=\"https:\/\/www.mbanuncios.com\/sitio\/wp-content\/uploads\/2019\/07\/vivamoda.png\" alt=\"\" \/>\n\t\t\t<\/div>\n\t<\/div><div class=\"wpls-logo-cnt\">\n\t<div class=\"wpls-fix-box\">\n\t\t\t\t<img class=\"wp-post-image\"  src=\"https:\/\/www.mbanuncios.com\/sitio\/wp-content\/uploads\/2019\/07\/corona.png\" alt=\"\" \/>\n\t\t\t<\/div>\n\t<\/div><div class=\"wpls-logo-cnt\">\n\t<div class=\"wpls-fix-box\">\n\t\t\t\t<img class=\"wp-post-image\"  src=\"https:\/\/www.mbanuncios.com\/sitio\/wp-content\/uploads\/2019\/07\/vianney.png\" alt=\"\" \/>\n\t\t\t<\/div>\n\t<\/div><div class=\"wpls-logo-cnt\">\n\t<div class=\"wpls-fix-box\">\n\t\t\t\t<img class=\"wp-post-image\"  src=\"https:\/\/www.mbanuncios.com\/sitio\/wp-content\/uploads\/2019\/07\/pechugon.png\" alt=\"\" \/>\n\t\t\t<\/div>\n\t<\/div><div class=\"wpls-logo-cnt\">\n\t<div class=\"wpls-fix-box\">\n\t\t\t\t<img class=\"wp-post-image\"  src=\"https:\/\/www.mbanuncios.com\/sitio\/wp-content\/uploads\/2019\/07\/cocacola.png\" alt=\"\" \/>\n\t\t\t<\/div>\n\t<\/div><div class=\"wpls-logo-cnt\">\n\t<div class=\"wpls-fix-box\">\n\t\t\t\t<img class=\"wp-post-image\"  src=\"https:\/\/www.mbanuncios.com\/sitio\/wp-content\/uploads\/2019\/07\/chopo.png\" alt=\"\" \/>\n\t\t\t<\/div>\n\t<\/div><div class=\"wpls-logo-cnt\">\n\t<div class=\"wpls-fix-box\">\n\t\t\t\t<img class=\"wp-post-image\"  src=\"https:\/\/www.mbanuncios.com\/sitio\/wp-content\/uploads\/2019\/07\/cashmovil.png\" alt=\"\" \/>\n\t\t\t<\/div>\n\t<\/div><div class=\"wpls-logo-cnt\">\n\t<div class=\"wpls-fix-box\">\n\t\t\t\t<img class=\"wp-post-image\"  src=\"https:\/\/www.mbanuncios.com\/sitio\/wp-content\/uploads\/2019\/07\/grupolosa.png\" alt=\"\" \/>\n\t\t\t<\/div>\n\t<\/div><div class=\"wpls-logo-cnt\">\n\t<div class=\"wpls-fix-box\">\n\t\t\t\t<img class=\"wp-post-image\"  src=\"https:\/\/www.mbanuncios.com\/sitio\/wp-content\/uploads\/2019\/07\/hampton.png\" alt=\"\" \/>\n\t\t\t<\/div>\n\t<\/div>\t\t\t<\/div>\n\t\t<\/div>\n\n\t\t[\/vc_column_text][\/vc_column][\/vc_row]<\/p>\n","protected":false},"excerpt":{"rendered":"<p>[vc_section full_width=\u00bbstretch_row\u00bb content_placement=\u00bbmiddle\u00bb parallax=\u00bbcontent-moving\u00bb parallax_speed_bg=\u00bb1.3&#8243; css=\u00bb.vc_custom_1524468426906{background-image: url(http:\/\/www.mbanuncios.com\/sitio\/wp-content\/uploads\/2018\/04\/Group-6.jpg?id=630) !important;background-position: center !important;background-repeat: no-repeat !important;background-size: cover !important;}\u00bb el_class=\u00bbpt13 pt2@s pb13 pb2@s\u00bb][vc_row el_class=\u00bbmt10&#8243;][vc_column width=\u00bb1\/12&#8243;][\/vc_column][vc_column width=\u00bb10\/12&#8243;][vc_row_inner el_class=\u00bbpt6 pt1@s pr8 pr@1 pl8 pl8@r\u00bb][vc_column_inner][vc_custom_heading text=\u00bbNOSOTROS\u00bb font_container=\u00bbtag:h2|font_size:36px|text_align:center|color:%23ffffff|line_height:42px\u00bb google_fonts=\u00bbfont_family:Raleway%3A100%2C200%2C300%2Cregular%2C500%2C600%2C700%2C800%2C900|font_style:400%20regular%3A400%3Anormal\u00bb css=\u00bb.vc_custom_1562344391460{margin-bottom: 10px !important;}\u00bb][vc_custom_heading text=\u00bbMB ANUNCIOS\u00bb font_container=\u00bbtag:h3|font_size:20px|text_align:center|color:%23ffffff|line_height:22px\u00bb google_fonts=\u00bbfont_family:Raleway%3A100%2C200%2C300%2Cregular%2C500%2C600%2C700%2C800%2C900|font_style:400%20regular%3A400%3Anormal\u00bb css=\u00bb.vc_custom_1562344404720{margin-top: 0px !important;margin-bottom: &#8230;<\/p>\n","protected":false},"author":3,"featured_media":0,"parent":0,"menu_order":0,"comment_status":"closed","ping_status":"closed","template":"","meta":[],"_links":{"self":[{"href":"https:\/\/www.mbanuncios.com\/sitio\/wp-json\/wp\/v2\/pages\/627"}],"collection":[{"href":"https:\/\/www.mbanuncios.com\/sitio\/wp-json\/wp\/v2\/pages"}],"about":[{"href":"https:\/\/www.mbanuncios.com\/sitio\/wp-json\/wp\/v2\/types\/page"}],"author":[{"embeddable":true,"href":"https:\/\/www.mbanuncios.com\/sitio\/wp-json\/wp\/v2\/users\/3"}],"replies":[{"embeddable":true,"href":"https:\/\/www.mbanuncios.com\/sitio\/wp-json\/wp\/v2\/comments?post=627"}],"version-history":[{"count":49,"href":"https:\/\/www.mbanuncios.com\/sitio\/wp-json\/wp\/v2\/pages\/627\/revisions"}],"predecessor-version":[{"id":1054,"href":"https:\/\/www.mbanuncios.com\/sitio\/wp-json\/wp\/v2\/pages\/627\/revisions\/1054"}],"wp:attachment":[{"href":"https:\/\/www.mbanuncios.com\/sitio\/wp-json\/wp\/v2\/media?parent=627"}],"curies":[{"name":"wp","href":"https:\/\/api.w.org\/{rel}","templated":true}]}}