{"id":554,"date":"2018-04-13T07:19:23","date_gmt":"2018-04-13T07:19:23","guid":{"rendered":"http:\/\/demo.themeton.com\/finag\/?page_id=554"},"modified":"2020-08-05T23:44:36","modified_gmt":"2020-08-05T23:44:36","slug":"home","status":"publish","type":"page","link":"https:\/\/www.mbanuncios.com\/sitio\/","title":{"rendered":"Home"},"content":{"rendered":"<p>[vc_row css_animation=\u00bbfadeIn\u00bb css=\u00bb.vc_custom_1517567394750{margin-top: 0px !important;}\u00bb][vc_column][vc_empty_space height=\u00bb20px\u00bb][vc_custom_heading text=\u00bbNOSOTROS\u00bb font_container=\u00bbtag:h4|font_size:14px|text_align:center|color:rgba(0%2C0%2C0%2C0.54)|line_height:1em\u00bb google_fonts=\u00bbfont_family:Open%20Sans%3A300%2C300italic%2Cregular%2Citalic%2C600%2C600italic%2C700%2C700italic%2C800%2C800italic|font_style:700%20bold%20regular%3A700%3Anormal\u00bb css=\u00bb.vc_custom_1562333984446{margin-top: 0px !important;margin-right: 0px !important;margin-bottom: 0px !important;margin-left: 0px !important;}\u00bb][vc_custom_heading text=\u00bbPensamos a lo GRANDE\u00bb font_container=\u00bbtag:h2|font_size:36px|text_align:center|color:%23000000|line_height:1em\u00bb use_theme_fonts=\u00bbyes\u00bb css=\u00bb.vc_custom_1562333997382{margin-top: 10px !important;margin-right: 0px !important;margin-bottom: 30px !important;margin-left: 0px !important;}\u00bb][vc_row_inner][vc_column_inner width=\u00bb1\/6&#8243;][\/vc_column_inner][vc_column_inner width=\u00bb2\/3&#8243;][vc_custom_heading text=\u00bbEn MB Anuncios\u2122, estamos listos para ayudarte a crecer tu negocio.\u00bb font_container=\u00bbtag:h2|font_size:20px|text_align:center|color:rgba(0%2C0%2C0%2C0.52)|line_height:23px\u00bb google_fonts=\u00bbfont_family:Open%20Sans%3A300%2C300italic%2Cregular%2Citalic%2C600%2C600italic%2C700%2C700italic%2C800%2C800italic|font_style:400%20regular%3A400%3Anormal\u00bb][\/vc_column_inner][vc_column_inner width=\u00bb1\/6&#8243;][\/vc_column_inner][\/vc_row_inner][vc_empty_space height=\u00bb30px\u00bb][\/vc_column][\/vc_row][vc_row css=\u00bb.vc_custom_1519724756409{padding-bottom: 80px !important;}\u00bb][vc_column width=\u00bb1\/3&#8243;][vc_single_image image=\u00bb851&#8243; img_size=\u00bbfull\u00bb alignment=\u00bbcenter\u00bb][vc_custom_heading text=\u00bbUnipolar\u00bb][vc_column_text]Este tipo de anuncio logra captar un importante n\u00famero de impactos visuales, el unipolar es el que conlleva un tubo que sostiene una caja luminosa, con la publicidad del cliente.[\/vc_column_text][\/vc_column][vc_column width=\u00bb1\/3&#8243;][vc_single_image image=\u00bb845&#8243; img_size=\u00bbfull\u00bb alignment=\u00bbcenter\u00bb][vc_custom_heading text=\u00bbLuminoso\u00bb][vc_column_text]Este tipo de anuncio causa fuerte impacto a los consumidores, ya que resalta la imagen del logotipo y nombre del negocio, proporciona al cliente los diferentes servicios que se ofrecen dando elegancia y seriedad.[\/vc_column_text][\/vc_column][vc_column width=\u00bb1\/3&#8243;][vc_single_image image=\u00bb849&#8243; img_size=\u00bbfull\u00bb alignment=\u00bbcenter\u00bb][vc_custom_heading text=\u00bbSe\u00f1alizaci\u00f3n\u00bb][vc_column_text]En cuanto a la se\u00f1al\u00e9tica corporativa, estos s\u00edmbolos o signos siguen, en cuanto a dise\u00f1o, el estilo de la identidad visual corporativa (colores, estilo, geometr\u00edas, tipograf\u00eda, etc. propios de la empresa) o bien pueden contener el logotipo de la empresa dentro de cada se\u00f1alamiento.[\/vc_column_text][\/vc_column][\/vc_row][vc_row css=\u00bb.vc_custom_1519724756409{padding-bottom: 80px !important;}\u00bb][vc_column width=\u00bb1\/3&#8243;][vc_single_image image=\u00bb838&#8243; img_size=\u00bbfull\u00bb alignment=\u00bbcenter\u00bb][vc_custom_heading text=\u00bbLetras de Canal\u00bb][vc_column_text]Las letras de canal son un tipo de se\u00f1alizaci\u00f3n arquitect\u00f3nica de gran impacto visual, que logra destacar la marca de una forma profesional; por lo general se instalan en espacios exteriores para identificar el edificio, local comercial, planta u oficina.[\/vc_column_text][\/vc_column][vc_column width=\u00bb1\/3&#8243;][vc_single_image image=\u00bb850&#8243; img_size=\u00bbfull\u00bb alignment=\u00bbcenter\u00bb][vc_custom_heading text=\u00bbToldos\u00bb][vc_column_text]Los toldos pueden ser cubiertos por lona o tela los cuales pueden ser impresos o sublimados adem\u00e1s de poder llevar corte en vinil, normalmente son utilizados para poder fortalecer la imagen de los establecimientos comerciales.[\/vc_column_text][\/vc_column][vc_column width=\u00bb1\/3&#8243;][vc_single_image image=\u00bb841&#8243; img_size=\u00bbfull\u00bb alignment=\u00bbcenter\u00bb][vc_custom_heading text=\u00bbImpresi\u00f3n Digital\u00bb][vc_column_text]Es un excelente medio para dar a conocer sus servicios a productos con la tecnolog\u00eda de impresi\u00f3n a todo color en gran formato , contaos con impresi\u00f3n hasta 3.20 mts. de gran calidad, que captar\u00e1 la atenci\u00f3n de sus clientes.[\/vc_column_text][\/vc_column][\/vc_row][vc_row full_width=\u00bbstretch_row\u00bb full_height=\u00bbyes\u00bb vc_row_height=\u00bb800px\u00bb css=\u00bb.vc_custom_1564170812817{padding-bottom: 10px !important;background: #f8f8f8 url(http:\/\/www.mbanuncios.com\/sitio\/wp-content\/uploads\/2019\/07\/bgachieve.png?id=797) !important;background-position: center !important;background-repeat: no-repeat !important;background-size: contain !important;}\u00bb][vc_column css=\u00bb.vc_custom_1523947393630{padding-top: 130px !important;}\u00bb][vc_custom_heading text=\u00bbNUESTRO\u00bb font_container=\u00bbtag:p|font_size:14px|text_align:left|color:rgba(10%2C10%2C10%2C0.5)\u00bb google_fonts=\u00bbfont_family:Open%20Sans%3A300%2C300italic%2Cregular%2Citalic%2C600%2C600italic%2C700%2C700italic%2C800%2C800italic|font_style:600%20bold%20regular%3A600%3Anormal\u00bb css=\u00bb.vc_custom_1562724368782{margin-bottom: 0px !important;}\u00bb][vc_custom_heading text=\u00bbCOMPROMISO\u00bb font_container=\u00bbtag:h1|font_size:36px|text_align:left|color:%23000000&#8243; google_fonts=\u00bbfont_family:Raleway%3A100%2C200%2C300%2Cregular%2C500%2C600%2C700%2C800%2C900|font_style:400%20regular%3A400%3Anormal\u00bb css=\u00bb.vc_custom_1562724376316{margin-top: 0px !important;margin-bottom: 80px !important;}\u00bb][vc_column_text]<\/p>\n<h3 class=\"timeline-title\">Nuestra empresa est\u00e1 comprometida a brindarles el mejor Servicio, Calidad y rapidez a todos nuestros clientes, brind\u00e1ndoles una gama de diversos productos adecuados a sus necesidades, desde la fabricaci\u00f3n, mantenimiento e instalaci\u00f3n de los mismos.<\/h3>\n<h3><\/h3>\n<h3>Hemos prestado nuestros servicios en: Grupo Batta, Coca Cola, Grupo Lala, Grupo Modelo, Quesipizzas, Grupo Misol, Laboratorios Chopo, Tiendas Full, Enyog, Grupo Alco y muchos m\u00e1s.<\/h3>\n<h3><\/h3>\n<h3>Comprometi\u00e9ndonos con cada uno de ellos, brind\u00e1ndoles completa satisfacci\u00f3n en cada uno uno de los productos solicitados, elaborados con la m\u00e1xima calidad.<\/h3>\n<p>[\/vc_column_text][vc_empty_space height=\u00bb80px\u00bb][\/vc_column][\/vc_row][vc_row full_width=\u00bbstretch_row\u00bb gap=\u00bb10&#8243; css=\u00bb.vc_custom_1596670230014{padding-top: 10px !important;padding-bottom: 10px !important;}\u00bb][vc_column][vc_empty_space height=\u00bb80px\u00bb][\/vc_column][\/vc_row][vc_row css=\u00bb.vc_custom_1596670544768{margin-top: 140px !important;margin-bottom: 140px !important;padding-top: 10px !important;padding-bottom: 10px !important;}\u00bb][vc_column][vc_empty_space height=\u00bb100&#8243;][vc_custom_heading text=\u00bbNuestro trabajo habla por\u00bb font_container=\u00bbtag:h1|font_size:30px|text_align:center|color:%23000000&#8243; google_fonts=\u00bbfont_family:Raleway%3A100%2C200%2C300%2Cregular%2C500%2C600%2C700%2C800%2C900|font_style:500%20bold%20regular%3A500%3Anormal\u00bb][vc_custom_heading text=\u00bbNOSOTROS\u00bb font_container=\u00bbtag:h2|text_align:center\u00bb google_fonts=\u00bbfont_family:Raleway%3A100%2C200%2C300%2Cregular%2C500%2C600%2C700%2C800%2C900|font_style:800%20bold%20regular%3A800%3Anormal\u00bb css=\u00bb.vc_custom_1596671041952{margin-top: -15px !important;margin-bottom: -15px !important;}\u00bb][vc_empty_space height=\u00bb80px\u00bb][vc_custom_heading text=\u00bbCLIENTES\u00bb font_container=\u00bbtag:h1|font_size:36px|text_align:center|color:%23000000&#8243; google_fonts=\u00bbfont_family:Raleway%3A100%2C200%2C300%2Cregular%2C500%2C600%2C700%2C800%2C900|font_style:400%20regular%3A400%3Anormal\u00bb css=\u00bb.vc_custom_1562727491516{margin-top: 0px !important;margin-bottom: 0px !important;}\u00bb][vc_column_text]\t\t<style>\n\t\t\t#wpls-logo-showcase-slider-1 .wpls-fix-box,\n\t\t\t#wpls-logo-showcase-slider-1 .wpls-fix-box img.wp-post-image{max-height:250px; }\n\t\t<\/style>\n\t\t<div class=\"wpls-wrap wpls-logo-showcase-slider-wrp wpls-logo-clearfix wpls-design-1 \" data-conf=\"{&quot;slides_column&quot;:4,&quot;slides_scroll&quot;:1,&quot;dots&quot;:&quot;true&quot;,&quot;arrows&quot;:&quot;true&quot;,&quot;autoplay&quot;:&quot;true&quot;,&quot;autoplay_interval&quot;:3000,&quot;loop&quot;:&quot;true&quot;,&quot;rtl&quot;:&quot;false&quot;,&quot;speed&quot;:800,&quot;center_mode&quot;:&quot;false&quot;,&quot;lazyload&quot;:&quot;&quot;}\">\n\t\t\t<div class=\"wpls-logo-showcase logo_showcase wpls-logo-slider  sliderimage_hide_border \" id=\"wpls-logo-showcase-slider-1\" >\n\t\t\t\t<div class=\"wpls-logo-cnt\">\n\t<div class=\"wpls-fix-box\">\n\t\t\t\t<img class=\"wp-post-image\"  src=\"https:\/\/www.mbanuncios.com\/sitio\/wp-content\/uploads\/2019\/07\/bh.png\" alt=\"\" \/>\n\t\t\t<\/div>\n\t<\/div><div class=\"wpls-logo-cnt\">\n\t<div class=\"wpls-fix-box\">\n\t\t\t\t<img class=\"wp-post-image\"  src=\"https:\/\/www.mbanuncios.com\/sitio\/wp-content\/uploads\/2019\/07\/ishu-1.png\" alt=\"\" \/>\n\t\t\t<\/div>\n\t<\/div><div class=\"wpls-logo-cnt\">\n\t<div class=\"wpls-fix-box\">\n\t\t\t\t<img class=\"wp-post-image\"  src=\"https:\/\/www.mbanuncios.com\/sitio\/wp-content\/uploads\/2019\/07\/misol.png\" alt=\"\" \/>\n\t\t\t<\/div>\n\t<\/div><div class=\"wpls-logo-cnt\">\n\t<div class=\"wpls-fix-box\">\n\t\t\t\t<img class=\"wp-post-image\"  src=\"https:\/\/www.mbanuncios.com\/sitio\/wp-content\/uploads\/2019\/07\/mitsubishi.png\" alt=\"\" \/>\n\t\t\t<\/div>\n\t<\/div><div class=\"wpls-logo-cnt\">\n\t<div class=\"wpls-fix-box\">\n\t\t\t\t<img class=\"wp-post-image\"  src=\"https:\/\/www.mbanuncios.com\/sitio\/wp-content\/uploads\/2019\/07\/lala.png\" alt=\"\" \/>\n\t\t\t<\/div>\n\t<\/div><div class=\"wpls-logo-cnt\">\n\t<div class=\"wpls-fix-box\">\n\t\t\t\t<img class=\"wp-post-image\"  src=\"https:\/\/www.mbanuncios.com\/sitio\/wp-content\/uploads\/2019\/07\/bmovil.png\" alt=\"\" \/>\n\t\t\t<\/div>\n\t<\/div><div class=\"wpls-logo-cnt\">\n\t<div class=\"wpls-fix-box\">\n\t\t\t\t<img class=\"wp-post-image\"  src=\"https:\/\/www.mbanuncios.com\/sitio\/wp-content\/uploads\/2019\/07\/vivamoda.png\" alt=\"\" \/>\n\t\t\t<\/div>\n\t<\/div><div class=\"wpls-logo-cnt\">\n\t<div class=\"wpls-fix-box\">\n\t\t\t\t<img class=\"wp-post-image\"  src=\"https:\/\/www.mbanuncios.com\/sitio\/wp-content\/uploads\/2019\/07\/corona.png\" alt=\"\" \/>\n\t\t\t<\/div>\n\t<\/div><div class=\"wpls-logo-cnt\">\n\t<div class=\"wpls-fix-box\">\n\t\t\t\t<img class=\"wp-post-image\"  src=\"https:\/\/www.mbanuncios.com\/sitio\/wp-content\/uploads\/2019\/07\/vianney.png\" alt=\"\" \/>\n\t\t\t<\/div>\n\t<\/div><div class=\"wpls-logo-cnt\">\n\t<div class=\"wpls-fix-box\">\n\t\t\t\t<img class=\"wp-post-image\"  src=\"https:\/\/www.mbanuncios.com\/sitio\/wp-content\/uploads\/2019\/07\/pechugon.png\" alt=\"\" \/>\n\t\t\t<\/div>\n\t<\/div><div class=\"wpls-logo-cnt\">\n\t<div class=\"wpls-fix-box\">\n\t\t\t\t<img class=\"wp-post-image\"  src=\"https:\/\/www.mbanuncios.com\/sitio\/wp-content\/uploads\/2019\/07\/cocacola.png\" alt=\"\" \/>\n\t\t\t<\/div>\n\t<\/div><div class=\"wpls-logo-cnt\">\n\t<div class=\"wpls-fix-box\">\n\t\t\t\t<img class=\"wp-post-image\"  src=\"https:\/\/www.mbanuncios.com\/sitio\/wp-content\/uploads\/2019\/07\/chopo.png\" alt=\"\" \/>\n\t\t\t<\/div>\n\t<\/div><div class=\"wpls-logo-cnt\">\n\t<div class=\"wpls-fix-box\">\n\t\t\t\t<img class=\"wp-post-image\"  src=\"https:\/\/www.mbanuncios.com\/sitio\/wp-content\/uploads\/2019\/07\/cashmovil.png\" alt=\"\" \/>\n\t\t\t<\/div>\n\t<\/div><div class=\"wpls-logo-cnt\">\n\t<div class=\"wpls-fix-box\">\n\t\t\t\t<img class=\"wp-post-image\"  src=\"https:\/\/www.mbanuncios.com\/sitio\/wp-content\/uploads\/2019\/07\/grupolosa.png\" alt=\"\" \/>\n\t\t\t<\/div>\n\t<\/div><div class=\"wpls-logo-cnt\">\n\t<div class=\"wpls-fix-box\">\n\t\t\t\t<img class=\"wp-post-image\"  src=\"https:\/\/www.mbanuncios.com\/sitio\/wp-content\/uploads\/2019\/07\/hampton.png\" alt=\"\" \/>\n\t\t\t<\/div>\n\t<\/div>\t\t\t<\/div>\n\t\t<\/div>\n\n\t\t[\/vc_column_text][\/vc_column][\/vc_row][vc_row][vc_column][vc_column_text]<\/p>\n<p>[\/vc_column_text][\/vc_column][\/vc_row]<\/p>\n","protected":false},"excerpt":{"rendered":"<p>[vc_row css_animation=\u00bbfadeIn\u00bb css=\u00bb.vc_custom_1517567394750{margin-top: 0px !important;}\u00bb][vc_column][vc_empty_space height=\u00bb20px\u00bb][vc_custom_heading text=\u00bbNOSOTROS\u00bb font_container=\u00bbtag:h4|font_size:14px|text_align:center|color:rgba(0%2C0%2C0%2C0.54)|line_height:1em\u00bb google_fonts=\u00bbfont_family:Open%20Sans%3A300%2C300italic%2Cregular%2Citalic%2C600%2C600italic%2C700%2C700italic%2C800%2C800italic|font_style:700%20bold%20regular%3A700%3Anormal\u00bb css=\u00bb.vc_custom_1562333984446{margin-top: 0px !important;margin-right: 0px !important;margin-bottom: 0px !important;margin-left: 0px !important;}\u00bb][vc_custom_heading text=\u00bbPensamos a lo GRANDE\u00bb font_container=\u00bbtag:h2|font_size:36px|text_align:center|color:%23000000|line_height:1em\u00bb use_theme_fonts=\u00bbyes\u00bb css=\u00bb.vc_custom_1562333997382{margin-top: 10px !important;margin-right: 0px !important;margin-bottom: 30px !important;margin-left: 0px !important;}\u00bb][vc_row_inner][vc_column_inner width=\u00bb1\/6&#8243;][\/vc_column_inner][vc_column_inner width=\u00bb2\/3&#8243;][vc_custom_heading text=\u00bbEn MB Anuncios\u2122, estamos listos &#8230;<\/p>\n","protected":false},"author":3,"featured_media":0,"parent":0,"menu_order":0,"comment_status":"closed","ping_status":"closed","template":"","meta":[],"_links":{"self":[{"href":"https:\/\/www.mbanuncios.com\/sitio\/wp-json\/wp\/v2\/pages\/554"}],"collection":[{"href":"https:\/\/www.mbanuncios.com\/sitio\/wp-json\/wp\/v2\/pages"}],"about":[{"href":"https:\/\/www.mbanuncios.com\/sitio\/wp-json\/wp\/v2\/types\/page"}],"author":[{"embeddable":true,"href":"https:\/\/www.mbanuncios.com\/sitio\/wp-json\/wp\/v2\/users\/3"}],"replies":[{"embeddable":true,"href":"https:\/\/www.mbanuncios.com\/sitio\/wp-json\/wp\/v2\/comments?post=554"}],"version-history":[{"count":54,"href":"https:\/\/www.mbanuncios.com\/sitio\/wp-json\/wp\/v2\/pages\/554\/revisions"}],"predecessor-version":[{"id":1010,"href":"https:\/\/www.mbanuncios.com\/sitio\/wp-json\/wp\/v2\/pages\/554\/revisions\/1010"}],"wp:attachment":[{"href":"https:\/\/www.mbanuncios.com\/sitio\/wp-json\/wp\/v2\/media?parent=554"}],"curies":[{"name":"wp","href":"https:\/\/api.w.org\/{rel}","templated":true}]}}