{"id":124,"date":"2018-01-30T08:55:35","date_gmt":"2018-01-30T08:55:35","guid":{"rendered":"http:\/\/demo.themeton.com\/finag\/?page_id=124"},"modified":"2019-07-26T15:47:53","modified_gmt":"2019-07-26T15:47:53","slug":"servicios","status":"publish","type":"page","link":"https:\/\/www.mbanuncios.com\/sitio\/servicios\/","title":{"rendered":"Servicios"},"content":{"rendered":"<p>[vc_row full_width=\u00bbstretch_row\u00bb content_placement=\u00bbmiddle\u00bb parallax=\u00bbcontent-moving\u00bb parallax_image=\u00bb733&#8243; parallax_speed_bg=\u00bb1.6&#8243; css=\u00bb.vc_custom_1524467678066{padding-top: 150px !important;padding-bottom: 150px !important;}\u00bb][vc_column][vc_custom_heading text=\u00bbSERVICIOS\u00bb font_container=\u00bbtag:h2|font_size:14px|text_align:center|color:rgba(255%2C255%2C255%2C0.51)|line_height:1em\u00bb use_theme_fonts=\u00bbyes\u00bb el_id=\u00bbuk-text-uppercase\u00bb css=\u00bb.vc_custom_1563816197388{margin-top: 0px !important;margin-right: 0px !important;margin-bottom: 0px !important;margin-left: 0px !important;}\u00bb][vc_custom_heading text=\u00bbPiensa a lo Grande\u00bb font_container=\u00bbtag:h2|font_size:32px|text_align:center|color:%23ffffff|line_height:2em\u00bb use_theme_fonts=\u00bbyes\u00bb css_animation=\u00bbfadeInUp\u00bb css=\u00bb.vc_custom_1563816558901{margin-top: 0px !important;margin-right: 0px !important;margin-bottom: 0px !important;margin-left: 0px !important;}\u00bb][vc_row_inner][vc_column_inner width=\u00bb1\/6&#8243;][\/vc_column_inner][vc_column_inner width=\u00bb2\/3&#8243;][vc_custom_heading text=\u00bben MB Anuncios te ayudamos para que tu negocio destaque\u00bb font_container=\u00bbtag:h2|font_size:20px|text_align:center|color:rgba(255%2C255%2C255%2C0.51)|line_height:25px\u00bb use_theme_fonts=\u00bbyes\u00bb][\/vc_column_inner][vc_column_inner width=\u00bb1\/6&#8243;][\/vc_column_inner][\/vc_row_inner][\/vc_column][\/vc_row][vc_row full_width=\u00bbstretch_row\u00bb css=\u00bb.vc_custom_1517393377846{padding-top: 40px !important;background-color: #f8f8f8 !important;}\u00bb][vc_column][vc_tta_tour active_section=\u00bb1&#8243; css_animation=\u00bbfadeInDown\u00bb tab_style=\u00bbservice\u00bb subtitle=\u00bbsubsidiaries\u00bb title=\u00bbServicios\u00bb css=\u00bb.vc_custom_1563816298156{margin-bottom: 0px !important;}\u00bb][vc_tta_section subtitle=\u00bb\u00bb process=\u00bb01&#8243; title=\u00bbUnipolares\u00bb tab_id=\u00bb1517291064984-3b65400b-53e7&#8243;][vc_single_image image=\u00bb925&#8243; img_size=\u00bblarge\u00bb style=\u00bbvc_box_shadow\u00bb][vc_custom_heading text=\u00bbAnuncios\u00bb font_container=\u00bbtag:h4|font_size:14px|text_align:left|color:rgba(0%2C0%2C0%2C0.53)|line_height:1&#8243; google_fonts=\u00bbfont_family:Raleway%3A100%2C200%2C300%2Cregular%2C500%2C600%2C700%2C800%2C900|font_style:700%20bold%20regular%3A700%3Anormal\u00bb css=\u00bb.vc_custom_1564156028984{margin-bottom: 0px !important;}\u00bb][vc_custom_heading text=\u00bbUnipolares\u00bb font_container=\u00bbtag:h3|font_size:30px|text_align:left|color:%23000000|line_height:1&#8243; google_fonts=\u00bbfont_family:Raleway%3A100%2C200%2C300%2Cregular%2C500%2C600%2C700%2C800%2C900|font_style:400%20regular%3A400%3Anormal\u00bb css=\u00bb.vc_custom_1564156071141{margin-top: 10px !important;margin-right: 0px !important;margin-bottom: 15px !important;margin-left: -2px !important;}\u00bb][vc_column_text]Este tipo de anuncio logra captar un importante n\u00famero de impactos visuales, el unipolar es el que conlleva un tubo que sostiene una caja luminosa, con la publicidad del cliente.[\/vc_column_text][\/vc_tta_section][vc_tta_section subtitle=\u00bb\u00bb process=\u00bb01&#8243; title=\u00bbLuminoso\u00bb tab_id=\u00bb1517319062687-e2dfc529-f54f\u00bb][vc_single_image image=\u00bb927&#8243; img_size=\u00bb740&#215;370&#8243;][vc_custom_heading text=\u00bbAnuncios\u00bb font_container=\u00bbtag:h4|font_size:14px|text_align:left|color:rgba(0%2C0%2C0%2C0.53)|line_height:1&#8243; google_fonts=\u00bbfont_family:Raleway%3A100%2C200%2C300%2Cregular%2C500%2C600%2C700%2C800%2C900|font_style:700%20bold%20regular%3A700%3Anormal\u00bb css=\u00bb.vc_custom_1564156001655{margin-bottom: 0px !important;}\u00bb][vc_custom_heading text=\u00bbLuminosos\u00bb font_container=\u00bbtag:h3|font_size:30px|text_align:left|color:%23000000|line_height:1&#8243; google_fonts=\u00bbfont_family:Raleway%3A100%2C200%2C300%2Cregular%2C500%2C600%2C700%2C800%2C900|font_style:400%20regular%3A400%3Anormal\u00bb css=\u00bb.vc_custom_1563835145549{margin-top: 10px !important;margin-right: 0px !important;margin-bottom: 15px !important;margin-left: -2px !important;}\u00bb][vc_column_text]Contrary to popular belief, Lorem Ipsum is not simply random text. It has roots in a piece of classical Latin literature from 45 BC, making it over 2000 years old. Richard McClintock, a Latin professor at Hampden-Sydney College in Virginia, looked up one of the more obscure\u00a0 the cites of the word in classical literature, discovered the undoubtable source.[\/vc_column_text][\/vc_tta_section][vc_tta_section subtitle=\u00bb\u00bb process=\u00bb01&#8243; title=\u00bbSe\u00f1alizaci\u00f3n\u00bb tab_id=\u00bb1517319060121-70f45dbe-7409&#8243;][vc_single_image image=\u00bb962&#8243; img_size=\u00bblarge\u00bb css=\u00bb.vc_custom_1564153639255{margin-top: -15px !important;}\u00bb][vc_custom_heading text=\u00bbSe\u00f1alizaci\u00f3n\u00bb font_container=\u00bbtag:h3|font_size:30px|text_align:left|color:%23000000|line_height:1&#8243; google_fonts=\u00bbfont_family:Raleway%3A100%2C200%2C300%2Cregular%2C500%2C600%2C700%2C800%2C900|font_style:400%20regular%3A400%3Anormal\u00bb css=\u00bb.vc_custom_1564153702933{margin-top: 10px !important;margin-right: 0px !important;margin-bottom: 15px !important;margin-left: -2px !important;}\u00bb][vc_column_text]En cuanto a la se\u00f1al\u00e9tica corporativa, estos s\u00edmbolos o signos siguen, en cuanto a dise\u00f1o, el estilo de la identidad visual corporativa (colores, estilo, geometr\u00edas, tipograf\u00eda, etc. propios de la empresa) o bien pueden contener el logotipo de la empresa dentro de cada se\u00f1alamiento.[\/vc_column_text][\/vc_tta_section][vc_tta_section subtitle=\u00bb\u00bb process=\u00bb01&#8243; title=\u00bbLetras de Canal\u00bb tab_id=\u00bb1517319057145-d7e15957-ac88&#8243;][vc_single_image image=\u00bb964&#8243; img_size=\u00bblarge\u00bb style=\u00bbvc_box_shadow\u00bb][vc_custom_heading text=\u00bbLetras de Canal\u00bb font_container=\u00bbtag:h3|font_size:30px|text_align:left|color:%23000000|line_height:1&#8243; google_fonts=\u00bbfont_family:Raleway%3A100%2C200%2C300%2Cregular%2C500%2C600%2C700%2C800%2C900|font_style:400%20regular%3A400%3Anormal\u00bb css=\u00bb.vc_custom_1564155059215{margin-top: 10px !important;margin-right: 0px !important;margin-bottom: 15px !important;margin-left: -2px !important;}\u00bb][vc_column_text]Las letras de canal son un tipo de se\u00f1alizaci\u00f3n arquitect\u00f3nica de gran impacto visual, que logra destacar la marca de una forma profesional; por lo general se instalan en espacios exteriores para identificar el edificio, local comercial, planta u oficina.[\/vc_column_text][\/vc_tta_section][vc_tta_section subtitle=\u00bb\u00bb process=\u00bb01&#8243; title=\u00bbToldos\u00bb tab_id=\u00bb1517319055690-6b3a87ec-697e\u00bb][vc_single_image image=\u00bb966&#8243; img_size=\u00bbfull\u00bb][vc_custom_heading text=\u00bbToldos\u00bb font_container=\u00bbtag:h3|font_size:30px|text_align:left|color:%23000000|line_height:1&#8243; google_fonts=\u00bbfont_family:Raleway%3A100%2C200%2C300%2Cregular%2C500%2C600%2C700%2C800%2C900|font_style:400%20regular%3A400%3Anormal\u00bb css=\u00bb.vc_custom_1564155223189{margin-top: 10px !important;margin-right: 0px !important;margin-bottom: 15px !important;margin-left: -2px !important;}\u00bb][vc_column_text]Los toldos pueden ser cubiertos por lona o tela los cuales pueden ser impresos o sublimados adem\u00e1s de poder llevar corte en vinil, normalmente son utilizados para poder fortalecer la imagen de los establecimientos comerciales.[\/vc_column_text][\/vc_tta_section][vc_tta_section subtitle=\u00bb\u00bb process=\u00bb01&#8243; title=\u00bbImpresi\u00f3n Digital\u00bb tab_id=\u00bb1517319140124-b374eeca-2501&#8243;][vc_single_image image=\u00bb967&#8243; img_size=\u00bblarge\u00bb alignment=\u00bbcenter\u00bb][vc_custom_heading text=\u00bbImpresi\u00f3n Digital\u00bb font_container=\u00bbtag:h3|font_size:30px|text_align:left|color:%23000000|line_height:1&#8243; google_fonts=\u00bbfont_family:Raleway%3A100%2C200%2C300%2Cregular%2C500%2C600%2C700%2C800%2C900|font_style:400%20regular%3A400%3Anormal\u00bb css=\u00bb.vc_custom_1564155309121{margin-top: 10px !important;margin-right: 0px !important;margin-bottom: 15px !important;margin-left: -2px !important;}\u00bb][vc_column_text]Es un excelente medio para dar a conocer sus servicios a productos con la tecnolog\u00eda de impresi\u00f3n a todo color en gran formato , contaos con impresi\u00f3n hasta 3.20 mts. de gran calidad, que captar\u00e1 la atenci\u00f3n de sus clientes.[\/vc_column_text][\/vc_tta_section][vc_tta_section title=\u00bbRotulaci\u00f3n\u00bb tab_id=\u00bb1563816453421-84c06380-c14c\u00bb][vc_single_image image=\u00bb969&#8243; img_size=\u00bbfull\u00bb][vc_custom_heading text=\u00bbRotulaci\u00f3n\u00bb][vc_column_text]Nuestro servicio de rotulaci\u00f3n es de la m\u00e1s alta calidad, contamos con impresi\u00f3n en vinil, fibra de carbono, electrost\u00e1tico, colores puros \u00f3 en corte de vinil, que se ajusta a cualquier presupuesto, encontrar\u00e1s lo que necesitas para llevar tus ideas a otro nivel, para convertir sus autos, camionetas y trailers en anuncios para t\u00fa mayor impacto. Con tecnolog\u00eda de punta y a nuestro personal calificado para satisfacer cualquier necesidad de rotulaci\u00f3n.[\/vc_column_text][\/vc_tta_section][vc_tta_section title=\u00bbMantenimiento\u00bb tab_id=\u00bb1563816464551-577a1cf7-1e8e\u00bb][vc_single_image image=\u00bb971&#8243; img_size=\u00bbfull\u00bb][vc_custom_heading text=\u00bbMantenimiento\u00bb][vc_column_text]Mantenimiento preventivo y correctivo, cambio de lonas y reparaci\u00f3n de da\u00f1os por inclemencias meteorol\u00f3gicas. Contamos con el mejor equipo y servicio de reparaci\u00f3n y mantenimiento.[\/vc_column_text][\/vc_tta_section][\/vc_tta_tour][\/vc_column][\/vc_row]<\/p>\n","protected":false},"excerpt":{"rendered":"<p>[vc_row full_width=\u00bbstretch_row\u00bb content_placement=\u00bbmiddle\u00bb parallax=\u00bbcontent-moving\u00bb parallax_image=\u00bb733&#8243; parallax_speed_bg=\u00bb1.6&#8243; css=\u00bb.vc_custom_1524467678066{padding-top: 150px !important;padding-bottom: 150px !important;}\u00bb][vc_column][vc_custom_heading text=\u00bbSERVICIOS\u00bb font_container=\u00bbtag:h2|font_size:14px|text_align:center|color:rgba(255%2C255%2C255%2C0.51)|line_height:1em\u00bb use_theme_fonts=\u00bbyes\u00bb el_id=\u00bbuk-text-uppercase\u00bb css=\u00bb.vc_custom_1563816197388{margin-top: 0px !important;margin-right: 0px !important;margin-bottom: 0px !important;margin-left: 0px !important;}\u00bb][vc_custom_heading text=\u00bbPiensa a lo Grande\u00bb font_container=\u00bbtag:h2|font_size:32px|text_align:center|color:%23ffffff|line_height:2em\u00bb use_theme_fonts=\u00bbyes\u00bb css_animation=\u00bbfadeInUp\u00bb css=\u00bb.vc_custom_1563816558901{margin-top: 0px !important;margin-right: 0px !important;margin-bottom: 0px !important;margin-left: 0px !important;}\u00bb][vc_row_inner][vc_column_inner &#8230;<\/p>\n","protected":false},"author":3,"featured_media":0,"parent":0,"menu_order":0,"comment_status":"closed","ping_status":"closed","template":"","meta":[],"_links":{"self":[{"href":"https:\/\/www.mbanuncios.com\/sitio\/wp-json\/wp\/v2\/pages\/124"}],"collection":[{"href":"https:\/\/www.mbanuncios.com\/sitio\/wp-json\/wp\/v2\/pages"}],"about":[{"href":"https:\/\/www.mbanuncios.com\/sitio\/wp-json\/wp\/v2\/types\/page"}],"author":[{"embeddable":true,"href":"https:\/\/www.mbanuncios.com\/sitio\/wp-json\/wp\/v2\/users\/3"}],"replies":[{"embeddable":true,"href":"https:\/\/www.mbanuncios.com\/sitio\/wp-json\/wp\/v2\/comments?post=124"}],"version-history":[{"count":13,"href":"https:\/\/www.mbanuncios.com\/sitio\/wp-json\/wp\/v2\/pages\/124\/revisions"}],"predecessor-version":[{"id":976,"href":"https:\/\/www.mbanuncios.com\/sitio\/wp-json\/wp\/v2\/pages\/124\/revisions\/976"}],"wp:attachment":[{"href":"https:\/\/www.mbanuncios.com\/sitio\/wp-json\/wp\/v2\/media?parent=124"}],"curies":[{"name":"wp","href":"https:\/\/api.w.org\/{rel}","templated":true}]}}